{"id":190,"date":"2025-10-14T09:06:45","date_gmt":"2025-10-14T09:06:45","guid":{"rendered":"http:\/\/ferienwohnung-rosimueller.de\/?page_id=190"},"modified":"2025-10-14T09:15:47","modified_gmt":"2025-10-14T09:15:47","slug":"ueber-kalenborn","status":"publish","type":"page","link":"https:\/\/ferienwohnung-rosimueller.de\/?page_id=190","title":{"rendered":"\u00dcber Kalenborn"},"content":{"rendered":"\n<p>Kalenborn liegt idyllisch oberhalb des Ahrtals in der wundersch\u00f6nen Eifel und geh\u00f6rt zur Verbandsgemeinde Altenahr. Der charmante Ort bietet eine perfekte Kombination aus Ruhe, Natur und zentraler Lage \u2013 ideal f\u00fcr einen erholsamen <strong>Urlaub in der Eifel<\/strong>. Umgeben von W\u00e4ldern, Weinbergen und sanften H\u00fcgeln finden G\u00e4ste hier den idealen Ausgangspunkt, um die Region aktiv zu entdecken oder einfach zu entspannen.<\/p>\n\n\n\n<figure class=\"wp-block-image size-large\"><img loading=\"lazy\" decoding=\"async\" width=\"1024\" height=\"578\" src=\"http:\/\/ferienwohnung-rosimueller.de\/wp-content\/uploads\/2025\/10\/kalenborn_komplett_teil1-1024x578.jpg\" alt=\"\" class=\"wp-image-184\" srcset=\"https:\/\/ferienwohnung-rosimueller.de\/wp-content\/uploads\/2025\/10\/kalenborn_komplett_teil1-1024x578.jpg 1024w, https:\/\/ferienwohnung-rosimueller.de\/wp-content\/uploads\/2025\/10\/kalenborn_komplett_teil1-300x169.jpg 300w, https:\/\/ferienwohnung-rosimueller.de\/wp-content\/uploads\/2025\/10\/kalenborn_komplett_teil1-768x433.jpg 768w, https:\/\/ferienwohnung-rosimueller.de\/wp-content\/uploads\/2025\/10\/kalenborn_komplett_teil1-1536x866.jpg 1536w, https:\/\/ferienwohnung-rosimueller.de\/wp-content\/uploads\/2025\/10\/kalenborn_komplett_teil1-2048x1155.jpg 2048w\" sizes=\"auto, (max-width: 767px) 89vw, (max-width: 1000px) 54vw, (max-width: 1071px) 543px, 580px\" \/><\/figure>\n\n\n\n<p>Von Ihrer <strong>Ferienwohnung in Kalenborn<\/strong> aus k\u00f6nnen Sie zahlreiche Freizeitm\u00f6glichkeiten genie\u00dfen: Wandern auf dem ber\u00fchmten <strong>Rotweinwanderweg<\/strong>, Radfahren entlang der Ahr oder Ausfl\u00fcge in die romantischen Weinorte der Umgebung. Auch f\u00fcr Weinliebhaber gibt es rund um Kalenborn viel zu entdecken \u2013 gem\u00fctliche Strau\u00dfwirtschaften, Weinfeste und regionale Spezialit\u00e4ten laden zum Genie\u00dfen ein.<\/p>\n\n\n\n<figure class=\"wp-block-image size-large\"><img loading=\"lazy\" decoding=\"async\" width=\"1024\" height=\"578\" src=\"http:\/\/ferienwohnung-rosimueller.de\/wp-content\/uploads\/2025\/10\/kalenborn_komplett_teil2-1024x578.jpg\" alt=\"\" class=\"wp-image-185\" srcset=\"https:\/\/ferienwohnung-rosimueller.de\/wp-content\/uploads\/2025\/10\/kalenborn_komplett_teil2-1024x578.jpg 1024w, https:\/\/ferienwohnung-rosimueller.de\/wp-content\/uploads\/2025\/10\/kalenborn_komplett_teil2-300x169.jpg 300w, https:\/\/ferienwohnung-rosimueller.de\/wp-content\/uploads\/2025\/10\/kalenborn_komplett_teil2-768x433.jpg 768w, https:\/\/ferienwohnung-rosimueller.de\/wp-content\/uploads\/2025\/10\/kalenborn_komplett_teil2-1536x866.jpg 1536w, https:\/\/ferienwohnung-rosimueller.de\/wp-content\/uploads\/2025\/10\/kalenborn_komplett_teil2-2048x1155.jpg 2048w\" sizes=\"auto, (max-width: 767px) 89vw, (max-width: 1000px) 54vw, (max-width: 1071px) 543px, 580px\" \/><\/figure>\n\n\n\n<p>Dank der guten Verkehrsanbindung erreichen Sie schnell beliebte Ausflugsziele wie Bad Neuenahr-Ahrweiler, Bonn oder Koblenz. Ob Aktivurlaub, Erholungsreise oder Wochenendausflug \u2013 Kalenborn bietet alles, was man f\u00fcr einen gelungenen Aufenthalt in der <strong>Eifelregion<\/strong> braucht.<\/p>\n","protected":false},"excerpt":{"rendered":"<p>Kalenborn liegt idyllisch oberhalb des Ahrtals in der wundersch\u00f6nen Eifel und geh\u00f6rt zur Verbandsgemeinde Altenahr. Der charmante Ort bietet eine perfekte Kombination aus Ruhe, Natur und zentraler Lage \u2013 ideal f\u00fcr einen erholsamen Urlaub in der Eifel. Umgeben von W\u00e4ldern, Weinbergen und sanften H\u00fcgeln finden G\u00e4ste hier den idealen Ausgangspunkt, um die Region aktiv zu &hellip; <\/p>\n<p class=\"link-more\"><a href=\"https:\/\/ferienwohnung-rosimueller.de\/?page_id=190\" class=\"more-link\"><span class=\"screen-reader-text\">\u201e\u00dcber Kalenborn\u201c<\/span> weiterlesen<\/a><\/p>\n","protected":false},"author":1,"featured_media":0,"parent":2,"menu_order":0,"comment_status":"closed","ping_status":"closed","template":"","meta":{"footnotes":""},"class_list":["post-190","page","type-page","status-publish","hentry"],"_links":{"self":[{"href":"https:\/\/ferienwohnung-rosimueller.de\/index.php?rest_route=\/wp\/v2\/pages\/190","targetHints":{"allow":["GET"]}}],"collection":[{"href":"https:\/\/ferienwohnung-rosimueller.de\/index.php?rest_route=\/wp\/v2\/pages"}],"about":[{"href":"https:\/\/ferienwohnung-rosimueller.de\/index.php?rest_route=\/wp\/v2\/types\/page"}],"author":[{"embeddable":true,"href":"https:\/\/ferienwohnung-rosimueller.de\/index.php?rest_route=\/wp\/v2\/users\/1"}],"replies":[{"embeddable":true,"href":"https:\/\/ferienwohnung-rosimueller.de\/index.php?rest_route=%2Fwp%2Fv2%2Fcomments&post=190"}],"version-history":[{"count":1,"href":"https:\/\/ferienwohnung-rosimueller.de\/index.php?rest_route=\/wp\/v2\/pages\/190\/revisions"}],"predecessor-version":[{"id":191,"href":"https:\/\/ferienwohnung-rosimueller.de\/index.php?rest_route=\/wp\/v2\/pages\/190\/revisions\/191"}],"up":[{"embeddable":true,"href":"https:\/\/ferienwohnung-rosimueller.de\/index.php?rest_route=\/wp\/v2\/pages\/2"}],"wp:attachment":[{"href":"https:\/\/ferienwohnung-rosimueller.de\/index.php?rest_route=%2Fwp%2Fv2%2Fmedia&parent=190"}],"curies":[{"name":"wp","href":"https:\/\/api.w.org\/{rel}","templated":true}]}}